{"id":23,"date":"2023-11-19T10:41:34","date_gmt":"2023-11-19T10:41:34","guid":{"rendered":"https:\/\/duftspiel.de\/?page_id=23"},"modified":"2024-12-06T17:58:50","modified_gmt":"2024-12-06T17:58:50","slug":"kundenlogin","status":"publish","type":"page","link":"https:\/\/duftspiel.de\/?page_id=23","title":{"rendered":"Kundenlogin"},"content":{"rendered":"\n<p>Melde Dich ganz unverbindlich an und st\u00f6ber Dich in Ruhe durch eine Welt des DUFTES und der inneren &amp; \u00e4u\u00dferen WELLNESS.<br>Click bitte auf das Bild:<\/p>\n\n\n\n<figure class=\"wp-block-image size-large is-resized\"><a href=\"https:\/\/www.chogangroupspa.com\/referral\/INK05DA0B\/DE\" target=\"_blank\" rel=\"noreferrer noopener\"><img loading=\"lazy\" decoding=\"async\" width=\"1024\" height=\"884\" src=\"https:\/\/duftspiel.de\/wp-content\/uploads\/2023\/11\/chogan_logo_parfum-1024x884.jpg\" alt=\"\" class=\"wp-image-9\" style=\"width:650px;height:auto\" srcset=\"https:\/\/duftspiel.de\/wp-content\/uploads\/2023\/11\/chogan_logo_parfum-1024x884.jpg 1024w, https:\/\/duftspiel.de\/wp-content\/uploads\/2023\/11\/chogan_logo_parfum-300x259.jpg 300w, https:\/\/duftspiel.de\/wp-content\/uploads\/2023\/11\/chogan_logo_parfum-768x663.jpg 768w, https:\/\/duftspiel.de\/wp-content\/uploads\/2023\/11\/chogan_logo_parfum-1140x984.jpg 1140w, https:\/\/duftspiel.de\/wp-content\/uploads\/2023\/11\/chogan_logo_parfum.jpg 1167w\" sizes=\"(max-width: 1024px) 100vw, 1024px\" \/><\/a><\/figure>\n\n\n\n<p>Unser Parf\u00fcm wird durch CHOGAN (eine italienische Company) produziert.<br>Es sind KEINE Duftzwillinge oder Dupes, die D\u00fcfte sind allesamt nur inspiriert und bestehen aus: 30 % Duftessenz, BIO Alkohol, kein zus\u00e4tzliches Wasser.<\/p>\n\n\n\n<p><strong>Kurz und knapp:<\/strong><br>Entdecke meinen Duftkoffer und tauche ein in die Welt der D\u00fcfte.<br>Leihe ihn dir unverbindlich f\u00fcr 1bis max. 2 Wochen aus und sende ihn danach einfach als versichertes DHL-Paket auf deine Kosten zur\u00fcck, oder bringe ihn pers\u00f6nlich vorbei.<\/p>\n\n\n\n<p><strong>\u00dcbrigens,<\/strong><br>du kannst auch bequem und sehr einfach \u00fcber meinen WhatsApp-Katalog oder direkt \u00fcber ein Kundenkonto bei Chogan bestellen:<\/p>\n\n\n\n<p>Speicher bitte als erstes meine Handy-Nummer und sende mir eine kurze WhatsApp-Nachricht mit deinen Namen. Nachdem ich dich auch gespeichert habe, kannst du Alles sehen und erf\u00e4hrst \u00fcber meinen Status auch von Neuheiten und Empfehlungen.<\/p>\n\n\n\n<ul>\n<li>Die D\u00fcfte sind nach ml-Angaben und fortlaufenden Nummern sortiert und weiter unten nach Duftfamilien.<\/li>\n<\/ul>\n\n\n\n<p>Einige Artikel wie Cremes, Make Up, Brillen befinden sich leider auf Grund der Vielzahl nicht im WhatsApp Katalog, bitte mir dann die Bestellnummern einfach als Nachricht senden oder direkt bei CHOGAN in meinen Beraterkonto als Kundin registrieren:<\/p>\n\n\n\n<p><a href=\"https:\/\/www.chogangroupspa.com\/referral\/INK05DA0B\/DE\" target=\"_blank\" rel=\"noreferrer noopener\">Kunden-Registrierung<\/a><\/p>\n\n\n\n<ul>\n<li>Land ausw\u00e4hlen<\/li>\n\n\n\n<li>Ihr pers\u00f6nliches Chogan Benutzerkonto<\/li>\n\n\n\n<li>Mich als Sponsor best\u00e4tigen und deine Daten hinterlegen<\/li>\n\n\n\n<li>Los geht es, du kannst direkt shoppen<\/li>\n<\/ul>\n\n\n\n<p>F\u00fcr Fragen und Anregungen bin ich immer offen und freue mich auf einen netten&nbsp;Austausch.<\/p>\n","protected":false},"excerpt":{"rendered":"<p>Melde Dich ganz unverbindlich an und st\u00f6ber Dich in Ruhe durch eine Welt des DUFTES und der inneren &amp; \u00e4u\u00dferen WELLNESS.Click bitte auf das Bild: Unser Parf\u00fcm wird durch CHOGAN (eine italienische Company) produziert.Es sind KEINE Duftzwillinge oder Dupes, die D\u00fcfte sind allesamt nur inspiriert und bestehen aus: 30 % Duftessenz, BIO Alkohol, kein zus\u00e4tzliches [&hellip;]<\/p>\n","protected":false},"author":1,"featured_media":0,"parent":0,"menu_order":0,"comment_status":"closed","ping_status":"closed","template":"","meta":{"footnotes":""},"_links":{"self":[{"href":"https:\/\/duftspiel.de\/index.php?rest_route=\/wp\/v2\/pages\/23"}],"collection":[{"href":"https:\/\/duftspiel.de\/index.php?rest_route=\/wp\/v2\/pages"}],"about":[{"href":"https:\/\/duftspiel.de\/index.php?rest_route=\/wp\/v2\/types\/page"}],"author":[{"embeddable":true,"href":"https:\/\/duftspiel.de\/index.php?rest_route=\/wp\/v2\/users\/1"}],"replies":[{"embeddable":true,"href":"https:\/\/duftspiel.de\/index.php?rest_route=%2Fwp%2Fv2%2Fcomments&post=23"}],"version-history":[{"count":5,"href":"https:\/\/duftspiel.de\/index.php?rest_route=\/wp\/v2\/pages\/23\/revisions"}],"predecessor-version":[{"id":75,"href":"https:\/\/duftspiel.de\/index.php?rest_route=\/wp\/v2\/pages\/23\/revisions\/75"}],"wp:attachment":[{"href":"https:\/\/duftspiel.de\/index.php?rest_route=%2Fwp%2Fv2%2Fmedia&parent=23"}],"curies":[{"name":"wp","href":"https:\/\/api.w.org\/{rel}","templated":true}]}}