{"id":12,"date":"2023-11-19T10:25:52","date_gmt":"2023-11-19T10:25:52","guid":{"rendered":"https:\/\/duftspiel.de\/?page_id=12"},"modified":"2023-12-05T14:09:21","modified_gmt":"2023-12-05T14:09:21","slug":"impressum","status":"publish","type":"page","link":"https:\/\/duftspiel.de\/?page_id=12","title":{"rendered":"Impressum"},"content":{"rendered":"\n<h2 class=\"wp-block-heading\">Diensteanbieter<\/h2>\n\n\n\n<p>Duftspiel.de<\/p>\n\n\n\n<p>Inka Gerdesmeier<\/p>\n\n\n\n<p>Westernstra\u00dfe 13<\/p>\n\n\n\n<p>33154 Salzkotten<\/p>\n\n\n\n<p>Deutschland<br><br>USt.-IdNr.: DE364307059<br><\/p>\n\n\n\n<h2 class=\"wp-block-heading\"><a><\/a>Kontaktm\u00f6glichkeiten<\/h2>\n\n\n\n<p>E-Mail-Adresse: <a href=\"mailto:inka.gerdesmeier@duftspiel.de\">inka.gerdesmeier@duftspiel.de<\/a><\/p>\n\n\n\n<p>Telefon: +49 (0) 179-7650641<\/p>\n\n\n\n<h2 class=\"wp-block-heading\"><a><\/a>Angaben zum Unternehmen<\/h2>\n\n\n\n<p>Gesch\u00e4ftsbereich:<\/p>\n\n\n\n<p>Network <br>Gem\u00e4\u00df \u00a719 UStG. <br><\/p>\n\n\n\n<h2 class=\"wp-block-heading\"><a><\/a>Social Media und andere Onlinepr\u00e4senzen<\/h2>\n\n\n\n<p>Dieses Impressum gilt auch f\u00fcr die folgenden Social-Media-Pr\u00e4senzen und Onlineprofile:<\/p>\n\n\n\n<p><a href=\"https:\/\/www.facebook.com\/Inka.Gerdesmeier\">https:\/\/www.facebook.com\/Inka.Gerdesmeier<\/a><\/p>\n\n\n\n<p><a href=\"https:\/\/www.instagram.com\/inka.gerdesmeier\/\">https:\/\/www.instagram.com\/inka.gerdesmeier\/<\/a><\/p>\n\n\n\n<h2 class=\"wp-block-heading\"><a><\/a>Bildnachweise<\/h2>\n\n\n\n<p>Bildquellen und Urheberrechtshinweise:<\/p>\n\n\n\n<p>Chogan<\/p>\n\n\n\n<p>Team-Chogan<br><br>Nutzungsrechte:<br>Copyright \u00a9 2023 by Inka Gerdesmeier<br>Alle Rechte vorbehalten.<\/p>\n\n\n\n<p><a href=\"https:\/\/datenschutz-generator.de\/\" target=\"_blank\" rel=\"noreferrer noopener\">Erstellt mit kostenlosem Datenschutz-Generator.de von Dr. Thomas Schwenke<\/a><\/p>\n","protected":false},"excerpt":{"rendered":"<p>Diensteanbieter Duftspiel.de Inka Gerdesmeier Westernstra\u00dfe 13 33154 Salzkotten Deutschland USt.-IdNr.: DE364307059 Kontaktm\u00f6glichkeiten E-Mail-Adresse: inka.gerdesmeier@duftspiel.de Telefon: +49 (0) 179-7650641 Angaben zum Unternehmen Gesch\u00e4ftsbereich: Network Gem\u00e4\u00df \u00a719 UStG. Social Media und andere Onlinepr\u00e4senzen Dieses Impressum gilt auch f\u00fcr die folgenden Social-Media-Pr\u00e4senzen und Onlineprofile: https:\/\/www.facebook.com\/Inka.Gerdesmeier https:\/\/www.instagram.com\/inka.gerdesmeier\/ Bildnachweise Bildquellen und Urheberrechtshinweise: Chogan Team-Chogan Nutzungsrechte:Copyright \u00a9 2023 by Inka GerdesmeierAlle [&hellip;]<\/p>\n","protected":false},"author":1,"featured_media":0,"parent":0,"menu_order":0,"comment_status":"closed","ping_status":"closed","template":"","meta":{"footnotes":""},"_links":{"self":[{"href":"https:\/\/duftspiel.de\/index.php?rest_route=\/wp\/v2\/pages\/12"}],"collection":[{"href":"https:\/\/duftspiel.de\/index.php?rest_route=\/wp\/v2\/pages"}],"about":[{"href":"https:\/\/duftspiel.de\/index.php?rest_route=\/wp\/v2\/types\/page"}],"author":[{"embeddable":true,"href":"https:\/\/duftspiel.de\/index.php?rest_route=\/wp\/v2\/users\/1"}],"replies":[{"embeddable":true,"href":"https:\/\/duftspiel.de\/index.php?rest_route=%2Fwp%2Fv2%2Fcomments&post=12"}],"version-history":[{"count":3,"href":"https:\/\/duftspiel.de\/index.php?rest_route=\/wp\/v2\/pages\/12\/revisions"}],"predecessor-version":[{"id":59,"href":"https:\/\/duftspiel.de\/index.php?rest_route=\/wp\/v2\/pages\/12\/revisions\/59"}],"wp:attachment":[{"href":"https:\/\/duftspiel.de\/index.php?rest_route=%2Fwp%2Fv2%2Fmedia&parent=12"}],"curies":[{"name":"wp","href":"https:\/\/api.w.org\/{rel}","templated":true}]}}